{"id":47,"date":"2023-05-17T10:45:37","date_gmt":"2023-05-17T08:45:37","guid":{"rendered":"https:\/\/cinema-villeneuve-tolosane.fr\/?page_id=47"},"modified":"2025-12-22T17:26:14","modified_gmt":"2025-12-22T16:26:14","slug":"tarifs","status":"publish","type":"page","link":"https:\/\/cinema-villeneuve-tolosane.fr\/?page_id=47","title":{"rendered":"Tarifs"},"content":{"rendered":"\n<p><\/p>\n\n\n\n<p>Tarif <strong>PLEIN <\/strong>: 7 \u20ac <\/p>\n\n\n\n<p>Tarif\u00a0<strong>R\u00c9DUIT\u00a0<\/strong>: 5 \u20ac (\u00e9tudiants, adh\u00e9rents Cin\u00e9fol, 60 ans et +) <\/p>\n\n\n\n<p>Tarif <strong>SUPER\u00a0R\u00c9DUIT<\/strong>\u00a0: 4 \u20ac (- de 18 ans, RSA, AAH, Demandeur d&#8217;emploi)<\/p>\n\n\n\n<p>Nous acceptions, les ch\u00e8ques, la carte bancaire, et les esp\u00e8ces <\/p>\n","protected":false},"excerpt":{"rendered":"<p>Tarif PLEIN : 7 \u20ac Tarif\u00a0R\u00c9DUIT\u00a0: 5 \u20ac (\u00e9tudiants, adh\u00e9rents Cin\u00e9fol, 60 ans et +) Tarif SUPER\u00a0R\u00c9DUIT\u00a0: 4 \u20ac (- de 18 ans, RSA, AAH, Demandeur d&#8217;emploi) Nous acceptions, les ch\u00e8ques, la carte bancaire, et les esp\u00e8ces<\/p>\n","protected":false},"author":3,"featured_media":0,"parent":0,"menu_order":3,"comment_status":"closed","ping_status":"closed","template":"","meta":{"footnotes":""},"class_list":["post-47","page","type-page","status-publish","hentry"],"_links":{"self":[{"href":"https:\/\/cinema-villeneuve-tolosane.fr\/index.php?rest_route=\/wp\/v2\/pages\/47","targetHints":{"allow":["GET"]}}],"collection":[{"href":"https:\/\/cinema-villeneuve-tolosane.fr\/index.php?rest_route=\/wp\/v2\/pages"}],"about":[{"href":"https:\/\/cinema-villeneuve-tolosane.fr\/index.php?rest_route=\/wp\/v2\/types\/page"}],"author":[{"embeddable":true,"href":"https:\/\/cinema-villeneuve-tolosane.fr\/index.php?rest_route=\/wp\/v2\/users\/3"}],"replies":[{"embeddable":true,"href":"https:\/\/cinema-villeneuve-tolosane.fr\/index.php?rest_route=%2Fwp%2Fv2%2Fcomments&post=47"}],"version-history":[{"count":2,"href":"https:\/\/cinema-villeneuve-tolosane.fr\/index.php?rest_route=\/wp\/v2\/pages\/47\/revisions"}],"predecessor-version":[{"id":112,"href":"https:\/\/cinema-villeneuve-tolosane.fr\/index.php?rest_route=\/wp\/v2\/pages\/47\/revisions\/112"}],"wp:attachment":[{"href":"https:\/\/cinema-villeneuve-tolosane.fr\/index.php?rest_route=%2Fwp%2Fv2%2Fmedia&parent=47"}],"curies":[{"name":"wp","href":"https:\/\/api.w.org\/{rel}","templated":true}]}}