{"id":245,"date":"2025-05-28T10:40:21","date_gmt":"2025-05-28T08:40:21","guid":{"rendered":"https:\/\/cinema-villeneuve-tolosane.fr\/?page_id=245"},"modified":"2025-12-22T17:24:42","modified_gmt":"2025-12-22T16:24:42","slug":"notre-histoire","status":"publish","type":"page","link":"https:\/\/cinema-villeneuve-tolosane.fr\/?page_id=245","title":{"rendered":"Notre Histoire"},"content":{"rendered":"\n<h2 class=\"wp-block-heading has-text-align-center\"><strong>L\u2019Histoire du Cin\u00e9ma de Villeneuve-Tolosane<\/strong><\/h2>\n\n\n\n<p class=\"has-text-align-center\"><strong><em>Vivez des \u00e9motions fortes pr\u00e8s de chez vous !<\/em><\/strong><strong><\/strong><\/p>\n\n\n\n<figure class=\"wp-block-image size-large\"><img loading=\"lazy\" decoding=\"async\" width=\"1024\" height=\"768\" src=\"https:\/\/cinema-villeneuve-tolosane.fr\/wp-content\/uploads\/2025\/05\/vhs-benevoles-1024x768.jpg\" alt=\"\" class=\"wp-image-248\" srcset=\"https:\/\/cinema-villeneuve-tolosane.fr\/wp-content\/uploads\/2025\/05\/vhs-benevoles-1024x768.jpg 1024w, https:\/\/cinema-villeneuve-tolosane.fr\/wp-content\/uploads\/2025\/05\/vhs-benevoles-300x225.jpg 300w, https:\/\/cinema-villeneuve-tolosane.fr\/wp-content\/uploads\/2025\/05\/vhs-benevoles-768x576.jpg 768w, https:\/\/cinema-villeneuve-tolosane.fr\/wp-content\/uploads\/2025\/05\/vhs-benevoles-1536x1152.jpg 1536w, https:\/\/cinema-villeneuve-tolosane.fr\/wp-content\/uploads\/2025\/05\/vhs-benevoles.jpg 2000w\" sizes=\"auto, (max-width: 1024px) 100vw, 1024px\" \/><\/figure>\n\n\n\n<p>Le cin\u00e9ma de Villeneuve-Tolosane est un projet qui a pris naissance gr\u00e2ce au milieu associatif et la Mairie de Villeneuve-Tolosane. Autrefois g\u00e9r\u00e9 par l\u2019association Histoire Loisirs Culture, les s\u00e9ances de cin\u00e9ma avaient historiquement lieu le mardi soir au th\u00e9\u00e2tre Marcel Pagnol.<\/p>\n\n\n\n<p>En 2010, l\u2019arriv\u00e9e du num\u00e9rique n\u2019a plus permis le visionnage de certains films. Les villeneuvois ont fait entendre leur volont\u00e9 de maintenir le cin\u00e9ma dans leur ville avec une p\u00e9tition. Finalement, le cin\u00e9ma fermera ses portes faute de solutions adapt\u00e9es.<\/p>\n\n\n\n<p>En 2015, le projet cin\u00e9ma \u00e0 Villeneuve-Tolosane est relanc\u00e9 par la mairie et l\u2019association VHS (Villeneuve Happiness on Screen) voit le jour, pr\u00e9sid\u00e9 par Thomas Primi-Back. Une petite \u00e9quipe de 4 b\u00e9n\u00e9voles se forment.<\/p>\n\n\n\n<p>En Septembre 2017, Pierre Pochon reprend sa Pr\u00e9sidence et une \u00e9quipe de b\u00e9n\u00e9voles se mobilise pour \u00eatre au plus proche des volont\u00e9s des villeneuvois.<\/p>\n\n\n\n<p>Depuis Septembre 2024, Dominique Pannekoecke est le nouveau Pr\u00e9sident de VHS.<\/p>\n\n\n\n<p>Aujourd&#8217;hui, plus de 10 b\u00e9n\u00e9voles \u0153uvrent pour vous faire vivre des moments forts avec des Cin\u00e9-D\u00e9bat, des Ap\u00e9ros Cin\u00e9 et la participation \u00e0 des \u00e9v\u00e8nements festifs dans votre ville.<\/p>\n\n\n\n<p>N&#8217;h\u00e9sitez pas \u00e0 nous contacter pour rejoindre l&#8217;\u00e9quipe ! <\/p>\n\n\n\n<div class=\"wp-block-buttons is-content-justification-center is-layout-flex wp-container-core-buttons-is-layout-a89b3969 wp-block-buttons-is-layout-flex\">\n<div class=\"wp-block-button\"><a class=\"wp-block-button__link has-text-align-center wp-element-button\" href=\"https:\/\/cinema-villeneuve-tolosane.fr\/?page_id=20\">Contact<\/a><\/div>\n<\/div>\n\n\n\n<p><\/p>\n\n\n\n<p><\/p>\n\n\n\n<p><\/p>\n","protected":false},"excerpt":{"rendered":"<p>L\u2019Histoire du Cin\u00e9ma de Villeneuve-Tolosane Vivez des \u00e9motions fortes pr\u00e8s de chez vous ! Le cin\u00e9ma de Villeneuve-Tolosane est un projet qui a pris naissance gr\u00e2ce au milieu associatif et la Mairie de Villeneuve-Tolosane. Autrefois g\u00e9r\u00e9 par l\u2019association Histoire Loisirs Culture, les s\u00e9ances de cin\u00e9ma avaient historiquement lieu le mardi soir au th\u00e9\u00e2tre Marcel Pagnol. [&hellip;]<\/p>\n","protected":false},"author":5,"featured_media":0,"parent":0,"menu_order":0,"comment_status":"closed","ping_status":"closed","template":"","meta":{"footnotes":""},"class_list":["post-245","page","type-page","status-publish","hentry"],"_links":{"self":[{"href":"https:\/\/cinema-villeneuve-tolosane.fr\/index.php?rest_route=\/wp\/v2\/pages\/245","targetHints":{"allow":["GET"]}}],"collection":[{"href":"https:\/\/cinema-villeneuve-tolosane.fr\/index.php?rest_route=\/wp\/v2\/pages"}],"about":[{"href":"https:\/\/cinema-villeneuve-tolosane.fr\/index.php?rest_route=\/wp\/v2\/types\/page"}],"author":[{"embeddable":true,"href":"https:\/\/cinema-villeneuve-tolosane.fr\/index.php?rest_route=\/wp\/v2\/users\/5"}],"replies":[{"embeddable":true,"href":"https:\/\/cinema-villeneuve-tolosane.fr\/index.php?rest_route=%2Fwp%2Fv2%2Fcomments&post=245"}],"version-history":[{"count":5,"href":"https:\/\/cinema-villeneuve-tolosane.fr\/index.php?rest_route=\/wp\/v2\/pages\/245\/revisions"}],"predecessor-version":[{"id":309,"href":"https:\/\/cinema-villeneuve-tolosane.fr\/index.php?rest_route=\/wp\/v2\/pages\/245\/revisions\/309"}],"wp:attachment":[{"href":"https:\/\/cinema-villeneuve-tolosane.fr\/index.php?rest_route=%2Fwp%2Fv2%2Fmedia&parent=245"}],"curies":[{"name":"wp","href":"https:\/\/api.w.org\/{rel}","templated":true}]}}